{"id":50,"date":"2015-05-28T10:44:23","date_gmt":"2015-05-28T09:44:23","guid":{"rendered":"http:\/\/www.istnet.cz\/?page_id=50"},"modified":"2023-11-14T09:37:51","modified_gmt":"2023-11-14T08:37:51","slug":"helios-green","status":"publish","type":"page","link":"http:\/\/www.istnet.cz\/?page_id=50","title":{"rendered":"Helios Nephrite"},"content":{"rendered":"<ul>\n<li>prim\u00e1rn\u011b je ur\u010den pro firmy v\u011bt\u0161\u00ed nebo st\u0159edn\u00ed velikosti,<\/li>\n<li>naprosto otev\u0159en\u00e1 architektura vyu\u017e\u00edvaj\u00edc\u00ed objektov\u011b orientovan\u00e9 technologie &#8211;\u00a0umo\u017e\u0148uje snadn\u00e9 zm\u011bny v syst\u00e9mu resp. tvorbu nov\u00fdch modul\u016f a je ide\u00e1ln\u00ed pro ty organizace, kter\u00e9 maj\u00ed z\u00e1jem sv\u016fj informa\u010dn\u00ed syst\u00e9m dynamicky p\u0159izp\u016fsobovat m\u011bn\u00edc\u00edm se informa\u010dn\u00edm pot\u0159eb\u00e1m sv\u00fdch pracovi\u0161\u0165,<\/li>\n<li>samoz\u0159ejmost\u00ed je podpora v\u00edce\u00farov\u0148ov\u00e9 architektury a tvorby OLE server\u016f tak, jak ji umo\u017e\u0148uj\u00ed posledn\u00ed verze produktu MS Visual Studio a MS SQL,<\/li>\n<li>sou\u010d\u00e1st\u00ed dod\u00e1vky syst\u00e9mu jsou i garance na trval\u00e9 zaji\u0161\u0165ov\u00e1n\u00ed shody s platnou legislativou a poskytov\u00e1n\u00ed upgrade pro nov\u00e9 technologie (servery, s\u00edt\u011b, opera\u010dn\u00ed syst\u00e9my),<\/li>\n<li>koncepce centralizovan\u00e9 i distribuovan\u00e9 pr\u00e1ce s daty je d\u00e1na pou\u017eit\u00fdm v\u00fdvojov\u00fdm prost\u0159ed\u00edm. Syst\u00e9m standardn\u011b podporuje v\u0161echny modern\u00ed technologie pro p\u0159\u00edstup k dat\u016fm (vzd\u00e1len\u00fd p\u0159\u00edstup, export-import, replikace, Internet, Intranet).<\/li>\n<li>samoz\u0159ejmost\u00ed je mo\u017enost vytv\u00e1\u0159et vlastn\u00ed u\u017eivatelsk\u00e9 moduly a rozhran\u00ed prost\u0159ednictv\u00edm unik\u00e1tn\u00ed v\u00fdvojov\u00e9 platformy HELIOS Nephrite Open\n<ul>\n<li>na jej\u00edm z\u00e1klad\u011b mohou ostatn\u00ed v\u00fdvoj\u00e1\u0159sk\u00e9 firmy vyv\u00edjet dal\u0161\u00ed specializovan\u00e9 aplikace a integrovat je p\u0159\u00edmo do syst\u00e9mu,<\/li>\n<li>obsahuje v\u00fdvojov\u00e9 j\u00e1dro v\u010detn\u011b vlastn\u00edho CASE,<\/li>\n<li>v\u00fd\u010det nadstandardn\u00edch \u0159e\u0161en\u00ed je prakticky neomezen\u00fd.<\/li>\n<\/ul>\n<\/li>\n<\/ul>\n<p><img src=\"http:\/\/www.istnet.cz\/wp-content\/uploads\/2015\/06\/GREEN_ALL_Grey.jpg\" alt=\"Vybran\u00e9 reference Helios Green\" \/><\/p>\n","protected":false},"excerpt":{"rendered":"<p>prim\u00e1rn\u011b je ur\u010den pro firmy v\u011bt\u0161\u00ed nebo st\u0159edn\u00ed velikosti, naprosto otev\u0159en\u00e1 architektura vyu\u017e\u00edvaj\u00edc\u00ed objektov\u011b orientovan\u00e9 technologie &#8211;\u00a0umo\u017e\u0148uje snadn\u00e9 zm\u011bny v syst\u00e9mu resp. tvorbu nov\u00fdch modul\u016f a je ide\u00e1ln\u00ed pro ty organizace, kter\u00e9 maj\u00ed z\u00e1jem sv\u016fj informa\u010dn\u00ed syst\u00e9m dynamicky p\u0159izp\u016fsobovat m\u011bn\u00edc\u00edm se informa\u010dn\u00edm pot\u0159eb\u00e1m sv\u00fdch pracovi\u0161\u0165, samoz\u0159ejmost\u00ed je podpora v\u00edce\u00farov\u0148ov\u00e9 architektury a tvorby OLE server\u016f tak,<a href=\"http:\/\/www.istnet.cz\/?page_id=50\">[&#8230;]<\/a><\/p>\n","protected":false},"author":1,"featured_media":0,"parent":2,"menu_order":120,"comment_status":"closed","ping_status":"closed","template":"","meta":[],"_links":{"self":[{"href":"http:\/\/www.istnet.cz\/index.php?rest_route=\/wp\/v2\/pages\/50"}],"collection":[{"href":"http:\/\/www.istnet.cz\/index.php?rest_route=\/wp\/v2\/pages"}],"about":[{"href":"http:\/\/www.istnet.cz\/index.php?rest_route=\/wp\/v2\/types\/page"}],"author":[{"embeddable":true,"href":"http:\/\/www.istnet.cz\/index.php?rest_route=\/wp\/v2\/users\/1"}],"replies":[{"embeddable":true,"href":"http:\/\/www.istnet.cz\/index.php?rest_route=%2Fwp%2Fv2%2Fcomments&post=50"}],"version-history":[{"count":9,"href":"http:\/\/www.istnet.cz\/index.php?rest_route=\/wp\/v2\/pages\/50\/revisions"}],"predecessor-version":[{"id":622,"href":"http:\/\/www.istnet.cz\/index.php?rest_route=\/wp\/v2\/pages\/50\/revisions\/622"}],"up":[{"embeddable":true,"href":"http:\/\/www.istnet.cz\/index.php?rest_route=\/wp\/v2\/pages\/2"}],"wp:attachment":[{"href":"http:\/\/www.istnet.cz\/index.php?rest_route=%2Fwp%2Fv2%2Fmedia&parent=50"}],"curies":[{"name":"wp","href":"https:\/\/api.w.org\/{rel}","templated":true}]}}