{"id":488,"date":"2023-01-04T11:37:13","date_gmt":"2023-01-04T10:37:13","guid":{"rendered":"http:\/\/www.istnet.cz\/?page_id=488"},"modified":"2025-01-14T09:27:13","modified_gmt":"2025-01-14T08:27:13","slug":"aktualni-cenik-poskytovanych-sluzeb","status":"publish","type":"page","link":"http:\/\/www.istnet.cz\/?page_id=488","title":{"rendered":"Aktu\u00e1ln\u00ed cen\u00edk poskytovan\u00fdch slu\u017eeb"},"content":{"rendered":"\n<p>Platnost od 1.2.2025<\/p>\n\n\n\n<p>Slu\u017eby jsou poskytov\u00e1ny formou osobn\u00ed n\u00e1v\u0161t\u011bvy, telefonicky, e-mailem nebo p\u0159es vzd\u00e1len\u00e9 p\u0159ipojen\u00ed. V\u0161echny d\u00e1le uveden\u00e9 hodinov\u00e9 ceny slu\u017eeb jsou \u00fa\u010dtov\u00e1ny za ka\u017edou zapo\u010datou p\u016flhodinu pr\u00e1ce. Ceny slu\u017eeb jsou uvedeny bez DPH. U n\u011bkter\u00fdch slu\u017eeb je uveden i v\u00fd\u010det dopl\u0148uj\u00edc\u00edch podm\u00ednek, kter\u00fd je bl\u00ed\u017ee ur\u010duje.<\/p>\n\n\n\n<h2><strong><u>Syst\u00e9mov\u00e1 podpora HELIOS iNuvio obsahuje<\/u><\/strong><\/h2>\n\n\n\n<h3 style=\"font-size:18px\">1. <u style=\"font-weight: bold;\">Hotline<\/u><\/h3>\n\n\n\n<h4><strong>Slu\u017eba Hotline je ur\u010dena k :<\/strong><\/h4>\n\n\n\n<div class=\"wp-container-1 wp-block-group\"><div class=\"wp-block-group__inner-container\">\n<ul><li>\u0159e\u0161en\u00ed dotazu \u010di po\u017eadavku pro\u0161kolen\u00e9ho u\u017eivatele Nabyvatele, jen\u017e nep\u0159esahuje 30 minut,<\/li><li>p\u0159ijet\u00ed, nahl\u00e1\u0161en\u00ed vad,<\/li><li>pomoci p\u0159i hled\u00e1n\u00ed podstaty probl\u00e9mu,<\/li><li>n\u00e1vrhu n\u00e1sledn\u00e9ho mo\u017en\u00e9ho \u0159e\u0161en\u00ed nebo dal\u0161\u00edho postupu souvisej\u00edc\u00edho s odstran\u011bn\u00edm probl\u00e9mu.<\/li><\/ul>\n<\/div><\/div>\n\n\n\n<h4><strong>Slu\u017eba Hotline nen\u00ed ur\u010dena k:<\/strong><\/h4>\n\n\n\n<ul><li>\u0161kolen\u00ed u\u017eivatel\u016f a implementa\u010dn\u00edm prac\u00edm,<\/li><li>program\u00e1torsk\u00fdm prac\u00edm a zak\u00e1zkov\u00fdm \u00faprav\u00e1m programu, v\u010detn\u011b jejich \u0159e\u0161en\u00ed,<\/li><li>\u00fa\u010detn\u00edmu, da\u0148ov\u00e9mu a legislativn\u00edmu poradenstv\u00ed,<\/li><li>oprav\u00e1m dat, z\u00e1sah\u016fm do dat.<\/li><\/ul>\n\n\n\n<h4><strong>Hovory nad r\u00e1mec podpory hotline budou zpoplatn\u011bny a to takto:<\/strong><\/h4>\n\n\n\n<ul><li>bude \u00fa\u010dtov\u00e1na ka\u017ed\u00e1 zapo\u010dat\u00e1 p\u016flhodina,<\/li><li>cena se odv\u00edj\u00ed od aktu\u00e1ln\u00edho platn\u00e9ho cen\u00edku,<\/li><li>fakturace prob\u011bhne zp\u011btn\u011b, automaticky po ukon\u010den\u00ed dan\u00e9ho kalend\u00e1\u0159n\u00edho m\u011bs\u00edce.<\/li><\/ul>\n\n\n\n<h3 style=\"font-size:18px\">2. <strong><u>\u00dadr\u017ebu syst\u00e9mu HELIOS iNuvio (d\u00e1le jen HELIOS)<\/u><\/strong><\/h3>\n\n\n\n<ul><li>poskytnut\u00ed legislativn\u00edch verz\u00ed se zapracovan\u00fdmi legislativn\u00edmi zm\u011bnami do syst\u00e9mu HELIOS dle zakoupen\u00e9ho rozsahu licenc\u00ed,<\/li><li>poskytnut\u00ed verz\u00ed syst\u00e9mu HELIOS s jeho pr\u016fb\u011b\u017en\u011b aktualizovan\u00fdmi a roz\u0161i\u0159ovan\u00fdmi standardn\u00edmi funkcemi,<\/li><li>poskytnut\u00ed verz\u00ed syst\u00e9mu HELIOS s roz\u0161\u00ed\u0159enou funkcionalitou obecn\u00e9ho charakteru dle Dodavatelem schv\u00e1len\u00e9ho pl\u00e1nu v\u00fdvoje,<\/li><li>poskytnut\u00ed aktualizovan\u00fdch verz\u00ed syst\u00e9mu HELIOS v d\u016fsledku zm\u011bn v informa\u010dn\u00edch technologi\u00ed,<\/li><li>poskytnut\u00ed opravn\u00fdch (fix) bal\u00edk\u016f odstra\u0148uj\u00edc\u00edch konkr\u00e9tn\u00ed Vady syst\u00e9mu,<\/li><li>distribuce opravn\u00fdch verz\u00ed syst\u00e9mu HELIOS je realizov\u00e1na v syst\u00e9mu nebo jin\u00fdm dohodnut\u00fdm zp\u016fsobem.<\/li><\/ul>\n\n\n\n<h3><strong><u>Konzulta\u010dn\u00ed slu\u017eby<\/u><\/strong><\/h3>\n\n\n\n<h4 class=\"has-text-align-left\"><strong>Standardn\u00ed &#8230;&#8230;&#8230;&#8230;&#8230;&#8230;&#8230;&#8230;&#8230;&#8230;&#8230;&#8230;&#8230;&#8230;&#8230;&#8230;&#8230;&#8230;&#8230;&#8230;&#8230;&#8230;&#8230;&#8230;&#8230;&#8230;&#8230;&#8230;&#8230;&#8230;&#8230;&#8230;&#8230;&#8230;&#8230;&#8230;. 1.850,-&nbsp;&nbsp;&nbsp; K\u010d \/ hod.<\/strong><\/h4>\n\n\n\n<ul><li>konzultace k&nbsp;produktu,<\/li><li>\u0161kolen\u00ed u z\u00e1kazn\u00edka.<\/li><\/ul>\n\n\n\n<h4 class=\"has-text-align-left\"><strong>&nbsp;Odborn\u00e9 &#8230;&#8230;&#8230;&#8230;&#8230;&#8230;&#8230;&#8230;&#8230;&#8230;&#8230;&#8230;&#8230;&#8230;&#8230;&#8230;&#8230;&#8230;&#8230;&#8230;&#8230;&#8230;&#8230;&#8230;&#8230;&#8230;&#8230;&#8230;&#8230;&#8230;&#8230;&#8230;&#8230;&#8230;&#8230;&#8230;&#8230; 2.150,-&nbsp;&nbsp;&nbsp; K\u010d \/ hod.<\/strong><\/h4>\n\n\n\n<ul><li>metodick\u00e1 a legislativn\u00ed konzultace,<\/li><li>implementace syst\u00e9mu,<\/li><li>anal\u00fdza a studie proveditelnosti,<\/li><li>definice tiskov\u00fdch formul\u00e1\u0159\u016f, p\u0159ehled\u016f a sestav,<\/li><li>definice v\u00fdstup\u016f mimo HELIOS (nap\u0159. MS Office),<\/li><li>program\u00e1torsk\u00e9 pr\u00e1ce,<\/li><li>konzultace k&nbsp;zak\u00e1zkov\u00fdm \u00faprav\u00e1m,<\/li><li>pr\u00e1ce s&nbsp;daty (p\u0159evody a oprava dat),<\/li><li>reinstalace HELIOS, <\/li><li>z\u00e1sah \/ \u0159e\u0161en\u00ed probl\u00e9mu v&nbsp;instalaci Nabyvatele p\u0159es vzd\u00e1len\u00e9 p\u0159ipojen\u00ed,<\/li><li>v ur\u010den\u00fdch prostor\u00e1ch nebo on-line.<strong>&nbsp;&nbsp;&nbsp;&nbsp;&nbsp;&nbsp;&nbsp;&nbsp;&nbsp;&nbsp;&nbsp;&nbsp;&nbsp;&nbsp;&nbsp;&nbsp;&nbsp;&nbsp;&nbsp;&nbsp;&nbsp;&nbsp;&nbsp;&nbsp;&nbsp;&nbsp;&nbsp;&nbsp;&nbsp;&nbsp;&nbsp;&nbsp;&nbsp;&nbsp;&nbsp;&nbsp;&nbsp;&nbsp;&nbsp;&nbsp;&nbsp;&nbsp;&nbsp;&nbsp;&nbsp;&nbsp;&nbsp;&nbsp;&nbsp;&nbsp;&nbsp;&nbsp;&nbsp;&nbsp;&nbsp;&nbsp;&nbsp;&nbsp;&nbsp;&nbsp;&nbsp;&nbsp;&nbsp;&nbsp;&nbsp;&nbsp;&nbsp;&nbsp;&nbsp;&nbsp;&nbsp;&nbsp;&nbsp;&nbsp;&nbsp;&nbsp;&nbsp;&nbsp;&nbsp;&nbsp;&nbsp;&nbsp; <\/strong><\/li><\/ul>\n\n\n\n<h3><strong><span style=\"text-decoration: underline;\">\u0160kolen\u00ed <\/span><\/strong><\/h3>\n\n\n\n<ul><li>cena \u0161kolen\u00ed je stanovena individu\u00e1ln\u011b s&nbsp;ohledem na po\u017eadavky z\u00e1kazn\u00edka, <\/li><li>prob\u00edh\u00e1 v ur\u010den\u00fdch prostor\u00e1ch nebo on-line.<\/li><\/ul>\n\n\n\n<h3><strong><span style=\"text-decoration: underline;\">Instalace<\/span><\/strong><\/h3>\n\n\n\n<ul><li>instalace HELIOS iNuvio na vy\u010dlen\u011bn\u00fd server (LAN) &#8230;&#8230;&#8230;&#8230;&#8230;&#8230;&#8230;&#8230;&#8230;&#8230;&#8230;&#8230;&#8230;&#8230;&#8230;. <strong>4.000,-&nbsp;&nbsp;&nbsp; K\u010d<\/strong><\/li><\/ul>\n\n\n\n<ul><li>instalace MS SQL Express (na 1 PC) &#8230;&#8230;&#8230;&#8230;&#8230;&#8230;&#8230;&#8230;&#8230;&#8230;&#8230;&#8230;&#8230;&#8230;&#8230;&#8230;&#8230;&#8230;&#8230;&#8230;&#8230;&#8230; <strong>3.000,-&nbsp;&nbsp;&nbsp; K\u010d<\/strong><\/li><\/ul>\n\n\n\n<ul><li>instalace MS SQL &#8230;&#8230;&#8230;&#8230;&#8230;&#8230;&#8230;&#8230;&#8230;&#8230;&#8230;&#8230;&#8230;&#8230;&#8230;&#8230;&#8230;&#8230;&#8230;&#8230;&#8230;&#8230;&#8230;&#8230;&#8230;&#8230;&#8230;&#8230;&#8230;&#8230;.. <strong>7.000,-&nbsp;&nbsp;&nbsp; K\u010d<\/strong><\/li><\/ul>\n\n\n\n<p>* P\u0159i instalaci HELIOS iNuvio a\/nebo MS SQL je nezbytn\u011b nutn\u00e9, aby Nabyvatel zajistil sou\u010dinnost se spr\u00e1vcem jeho s\u00edt\u011b tak, aby Poskytovatel m\u011bl dostate\u010dn\u00e1 syst\u00e9mov\u00e1 pr\u00e1va pro tuto \u010dinnost. V&nbsp;opa\u010dn\u00e9m p\u0159\u00edpad\u011b instalace nen\u00ed mo\u017en\u00e1. P\u0159i instalaci v&nbsp;s\u00ed\u0165ov\u00e9m prost\u0159ed\u00ed je t\u0159eba p\u0159i\u010d\u00edst k&nbsp;cen\u011b p\u0159\u00edplatek za instalaci p\u0159\u00edstup\u016f do HELIOS iNuvio na stanic\u00edch jednotliv\u00fdch u\u017eivatel\u016f podle str\u00e1ven\u00e9ho \u010dasu (to lze ale realizovat pouze p\u0159i instalaci v&nbsp;m\u00edst\u011b Nabyvatele, ne p\u0159es vzd\u00e1len\u00fd p\u0159\u00edstup).<\/p>\n\n\n\n<h3><strong><span style=\"text-decoration: underline;\">Pau\u0161\u00e1ly a cestovn\u00e9<\/span><\/strong><\/h3>\n\n\n\n<ul><li>p\u0159\u00edprava na konzultaci &#8230;&#8230;&#8230;&#8230;&#8230;&#8230;&#8230;&#8230;&#8230;&#8230;&#8230;&#8230;&#8230;&#8230;&#8230;&#8230;&#8230;&#8230;&#8230;&#8230;&#8230;&#8230;&#8230;&#8230;&#8230;&#8230;&#8230;&#8230;&#8230;&#8230; <strong>1.000,-&nbsp;K\u010d<\/strong>                                  (zahrnuje i \u010das str\u00e1ven\u00fd na cest\u011b tam a zp\u011bt, kter\u00fd nep\u0159es\u00e1hne 1 hodinu)<\/li><li>cestovn\u00e9 &#8230;&#8230;&#8230;&#8230;&#8230;&#8230;&#8230;&#8230;&#8230;&#8230;&#8230;&#8230;&#8230;&#8230;&#8230;&#8230;&#8230;&#8230;&#8230;&#8230;&#8230;&#8230;&#8230;&#8230;&#8230;&#8230;&#8230;&#8230;&#8230;&#8230;&#8230;&#8230;&#8230;&#8230;&#8230;&#8230;.           <strong>12,-<\/strong>                <strong>K\u010d \/ km<\/strong><\/li><li>\u010das str\u00e1ven\u00fd na cest\u011b, kter\u00fd p\u0159es\u00e1hne 1 hodinu&#8230;&#8230;&#8230;&#8230;&#8230;&#8230;&#8230;&#8230;&#8230;&#8230;&#8230;&#8230;&#8230;&#8230;&#8230;&#8230;&#8230;&#8230;&#8230;.<strong> 400,-&nbsp;K\u010d \/ hod.<\/strong><\/li><\/ul>\n\n\n\n<h3><strong><u>P\u0159\u00edplatky a poplatky<\/u><\/strong><\/h3>\n\n\n\n<p>\u017d\u00e1dn\u00fd p\u0159\u00edplatek nezvy\u0161uje z\u00e1klad ceny pro stanoven\u00ed kter\u00e9hokoli dal\u0161\u00edho p\u0159\u00edplatku.<\/p>\n\n\n\n<ul><li>p\u0159\u00edplatek za pr\u00e1ci mimo pracovn\u00ed dobu &#8230;&#8230;&#8230;&#8230;&#8230;&#8230;&#8230;&#8230;&#8230;&#8230;&#8230;&#8230;&#8230;&#8230;&#8230;&#8230;&#8230;&#8230;&#8230;&#8230;&#8230;&#8230;&#8230;&#8230;.              <strong>+     25 % <\/strong>                                                                                         (uplat\u0148uje se ve v\u0161edn\u00ed dny od 18:00 do 8:00 hod.)                           <\/li><li>p\u0159\u00edplatek za pr\u00e1ci v&nbsp;sobotu a ned\u011bli &#8230;&#8230;&#8230;&#8230;&#8230;&#8230;&#8230;&#8230;&#8230;&#8230;&#8230;&#8230;&#8230;&#8230;&#8230;&#8230;&#8230;&#8230;&#8230;&#8230;&#8230;&#8230;&#8230;&#8230;&#8230;&#8230;       <strong>  +     50 %<\/strong><\/li><li>p\u0159\u00edplatek za pr\u00e1ci ve st\u00e1tem uznan\u00fd sv\u00e1tek &#8230;&#8230;&#8230;&#8230;&#8230;&#8230;&#8230;&#8230;&#8230;&#8230;&#8230;&#8230;&#8230;&#8230;&#8230;&#8230;&#8230;&#8230;&#8230;&#8230;&#8230;&#8230;..<strong>  + 100 %<\/strong><\/li><li>p\u0159\u00edplatek pro z\u00e1kazn\u00edky se star\u0161\u00ed verz\u00ed SW<strong>&nbsp;<\/strong>&#8230;&#8230;&#8230;&#8230;&#8230;&#8230;&#8230;&#8230;&#8230;&#8230;&#8230;&#8230;&#8230;&#8230;&#8230;&#8230;&#8230;&#8230;&#8230;&#8230;&#8230;&#8230;&#8230;   <strong>+       25 %<\/strong>                                      (vztahuje se na star\u0161\u00ed ne\u017e aktu\u00e1ln\u00ed verze syst\u00e9mu)<\/li><\/ul>\n\n\n\n<p>* Pokud Nabyvatel nebude prov\u00e1d\u011bt pravideln\u00e9 aktualizace HELIOS iNuvio a p\u0159i p\u0159echodu na aktu\u00e1ln\u00ed verzi dojde k&nbsp;indikaci nekompatibility datov\u00e9ho modelu, bude tento probl\u00e9m \u0159e\u0161en smluvn\u00ed cenou.<\/p>\n\n\n\n<p><strong>P\u0159i od\u0159eknut\u00ed objednan\u00e9 konzultace \u010di jin\u00e9 pr\u00e1ce, m\u00e9n\u011b ne\u017e 24hodin p\u0159ed jej\u00edm zapo\u010det\u00edm, je objednateli \u00fa\u010dtov\u00e1n stornovac\u00ed poplatek ve v\u00fd\u0161i 50% z ceny objedn\u00e1vky (minim\u00e1ln\u011b 1 hodina pr\u00e1ce).<\/strong><\/p>\n","protected":false},"excerpt":{"rendered":"<p>Platnost od 1.2.2025 Slu\u017eby jsou poskytov\u00e1ny formou osobn\u00ed n\u00e1v\u0161t\u011bvy, telefonicky, e-mailem nebo p\u0159es vzd\u00e1len\u00e9 p\u0159ipojen\u00ed. V\u0161echny d\u00e1le uveden\u00e9 hodinov\u00e9 ceny slu\u017eeb jsou \u00fa\u010dtov\u00e1ny za ka\u017edou zapo\u010datou p\u016flhodinu pr\u00e1ce. Ceny slu\u017eeb jsou uvedeny bez DPH. U n\u011bkter\u00fdch slu\u017eeb je uveden i v\u00fd\u010det dopl\u0148uj\u00edc\u00edch podm\u00ednek, kter\u00fd je bl\u00ed\u017ee ur\u010duje. Syst\u00e9mov\u00e1 podpora HELIOS iNuvio obsahuje 1. Hotline Slu\u017eba<a href=\"http:\/\/www.istnet.cz\/?page_id=488\">[&#8230;]<\/a><\/p>\n","protected":false},"author":1,"featured_media":0,"parent":34,"menu_order":10,"comment_status":"closed","ping_status":"closed","template":"","meta":[],"_links":{"self":[{"href":"http:\/\/www.istnet.cz\/index.php?rest_route=\/wp\/v2\/pages\/488"}],"collection":[{"href":"http:\/\/www.istnet.cz\/index.php?rest_route=\/wp\/v2\/pages"}],"about":[{"href":"http:\/\/www.istnet.cz\/index.php?rest_route=\/wp\/v2\/types\/page"}],"author":[{"embeddable":true,"href":"http:\/\/www.istnet.cz\/index.php?rest_route=\/wp\/v2\/users\/1"}],"replies":[{"embeddable":true,"href":"http:\/\/www.istnet.cz\/index.php?rest_route=%2Fwp%2Fv2%2Fcomments&post=488"}],"version-history":[{"count":91,"href":"http:\/\/www.istnet.cz\/index.php?rest_route=\/wp\/v2\/pages\/488\/revisions"}],"predecessor-version":[{"id":674,"href":"http:\/\/www.istnet.cz\/index.php?rest_route=\/wp\/v2\/pages\/488\/revisions\/674"}],"up":[{"embeddable":true,"href":"http:\/\/www.istnet.cz\/index.php?rest_route=\/wp\/v2\/pages\/34"}],"wp:attachment":[{"href":"http:\/\/www.istnet.cz\/index.php?rest_route=%2Fwp%2Fv2%2Fmedia&parent=488"}],"curies":[{"name":"wp","href":"https:\/\/api.w.org\/{rel}","templated":true}]}}