{"id":405,"date":"2020-06-01T11:00:29","date_gmt":"2020-06-01T10:00:29","guid":{"rendered":"http:\/\/www.istnet.cz\/?page_id=405"},"modified":"2020-06-01T13:38:05","modified_gmt":"2020-06-01T12:38:05","slug":"kariera","status":"publish","type":"page","link":"http:\/\/www.istnet.cz\/?page_id=405","title":{"rendered":"Kari\u00e9ra"},"content":{"rendered":"<p><span style=\"color: #ff6600;\"><em>Pracovn\u00ed pozice :<\/em> Konzultant(ka) IS HELIOS Orange.<\/span><\/p>\n<p><em>Pracovn\u00ed n\u00e1pl\u0148 :<\/em><\/p>\n<ul>\n<li>Konzultace zam\u011b\u0159en\u00e9 na ekonomickou oblast (\u00fa\u010detnictv\u00ed, mzdy, sklady apod.) a z\u00e1kladn\u00ed ovl\u00e1d\u00e1n\u00ed IS, hotline.<\/li>\n<li>Implementace a \u0161kolen\u00ed IS u nov\u00fdch z\u00e1kazn\u00edk\u016f.<\/li>\n<\/ul>\n<p><em>Po\u017eadavky :<\/em><\/p>\n<ul>\n<li>Znalost podvojn\u00e9ho \u00fa\u010detnictv\u00ed a firemn\u00edch proces\u016f.<\/li>\n<li>Pr\u00e1ce s MS Office.<\/li>\n<li>\u0158idi\u010dsk\u00fd pr\u016fkaz skupiny B a ochota cestovat.<\/li>\n<li>Pe\u010dlivost, trp\u011blivost a samostatnost.<\/li>\n<li>Prezenta\u010dn\u00ed schopnosti.<\/li>\n<li>Velkou v\u00fdhodou je znalost informa\u010dn\u00edho syst\u00e9mu HELIOS Orange, p\u0159\u00edpadn\u011b jin\u00fdch informa\u010dn\u00edch syst\u00e9m\u016f.<\/li>\n<\/ul>\n<p><em>Nab\u00edz\u00edme :<\/em><\/p>\n<ul>\n<li>Za\u0161kolen\u00ed v IS Helios Orange.<\/li>\n<li>Mo\u017enost dal\u0161\u00edho vzd\u011bl\u00e1van\u00ed v zaj\u00edmav\u00fdch oblastech ERP.<\/li>\n<li>P\u0159\u00e1telsk\u00fd kolektiv, pr\u00e1ci v bl\u00edzkosti centra m\u011bsta.<\/li>\n<li>Mobiln\u00ed telefon i pro soukrom\u00e9 \u00fa\u010dely.<\/li>\n<li>Notebook.<\/li>\n<li>Stravenky.<\/li>\n<li>Flexibiln\u00ed pracovn\u00ed dobu.<\/li>\n<li>Pr\u00e1ci na pln\u00fd nebo zkr\u00e1cen\u00fd \u00favazek.<\/li>\n<\/ul>\n<p><em>M\u00edsto :<\/em><\/p>\n<ul>\n<li>\u00a0Plze\u0148<\/li>\n<\/ul>\n<p>V p\u0159\u00edpad\u011b z\u00e1jmu n\u00e1s nev\u00e1hejte kontaktovat na telefonu 724 092 541, p\u0159\u00edpadn\u011b na obchod@istnet.cz.<\/p>\n","protected":false},"excerpt":{"rendered":"<p>Pracovn\u00ed pozice : Konzultant(ka) IS HELIOS Orange. Pracovn\u00ed n\u00e1pl\u0148 : Konzultace zam\u011b\u0159en\u00e9 na ekonomickou oblast (\u00fa\u010detnictv\u00ed, mzdy, sklady apod.) a z\u00e1kladn\u00ed ovl\u00e1d\u00e1n\u00ed IS, hotline. Implementace a \u0161kolen\u00ed IS u nov\u00fdch z\u00e1kazn\u00edk\u016f. Po\u017eadavky : Znalost podvojn\u00e9ho \u00fa\u010detnictv\u00ed a firemn\u00edch proces\u016f. Pr\u00e1ce s MS Office. \u0158idi\u010dsk\u00fd pr\u016fkaz skupiny B a ochota cestovat. Pe\u010dlivost, trp\u011blivost a samostatnost. Prezenta\u010dn\u00ed<a href=\"http:\/\/www.istnet.cz\/?page_id=405\">[&#8230;]<\/a><\/p>\n","protected":false},"author":1,"featured_media":0,"parent":0,"menu_order":95,"comment_status":"closed","ping_status":"closed","template":"","meta":[],"_links":{"self":[{"href":"http:\/\/www.istnet.cz\/index.php?rest_route=\/wp\/v2\/pages\/405"}],"collection":[{"href":"http:\/\/www.istnet.cz\/index.php?rest_route=\/wp\/v2\/pages"}],"about":[{"href":"http:\/\/www.istnet.cz\/index.php?rest_route=\/wp\/v2\/types\/page"}],"author":[{"embeddable":true,"href":"http:\/\/www.istnet.cz\/index.php?rest_route=\/wp\/v2\/users\/1"}],"replies":[{"embeddable":true,"href":"http:\/\/www.istnet.cz\/index.php?rest_route=%2Fwp%2Fv2%2Fcomments&post=405"}],"version-history":[{"count":6,"href":"http:\/\/www.istnet.cz\/index.php?rest_route=\/wp\/v2\/pages\/405\/revisions"}],"predecessor-version":[{"id":411,"href":"http:\/\/www.istnet.cz\/index.php?rest_route=\/wp\/v2\/pages\/405\/revisions\/411"}],"wp:attachment":[{"href":"http:\/\/www.istnet.cz\/index.php?rest_route=%2Fwp%2Fv2%2Fmedia&parent=405"}],"curies":[{"name":"wp","href":"https:\/\/api.w.org\/{rel}","templated":true}]}}