{"id":39,"date":"2015-05-28T10:22:49","date_gmt":"2015-05-28T09:22:49","guid":{"rendered":"http:\/\/www.istnet.cz\/?page_id=39"},"modified":"2023-11-14T09:51:51","modified_gmt":"2023-11-14T08:51:51","slug":"kontakt","status":"publish","type":"page","link":"http:\/\/www.istnet.cz\/?page_id=39","title":{"rendered":"Kontakt"},"content":{"rendered":"<p><strong>N\u00ed\u017ee uveden\u00e9 kontaktn\u00ed osoby V\u00e1m ochotn\u011b zodpov\u00ed ve\u0161ker\u00e9 Va\u0161e dotazy t\u00fdkaj\u00edc\u00ed se n\u00e1mi poskytovan\u00fdch slu\u017eeb.<\/strong><\/p>\n<p><strong>\n<table id=\"tablepress-5\" class=\"tablepress tablepress-id-5\">\n<thead>\n<tr class=\"row-1 odd\">\n\t<th class=\"column-1\">Jm\u00e9no a p\u0159\u00edjmen\u00ed<\/th><th class=\"column-2\">Oblast<\/th><th class=\"column-3\">Kontakt<\/th><th class=\"column-4\">ERP<\/th><th class=\"column-5\">Hot-line<\/th>\n<\/tr>\n<\/thead>\n<tbody>\n<tr class=\"row-2 even\">\n\t<td class=\"column-1\">Kl\u00e1ra Hr\u016fzov\u00e1<\/td><td class=\"column-2\">obchodn\u00ed odd\u011blen\u00ed<\/td><td class=\"column-3\"><a href=\"mailto:obchod@istnet.cz\"><u>obchod@istnet.cz<\/u><br \/>\n<\/a><\/td><td class=\"column-4\"><\/td><td class=\"column-5\"><\/td>\n<\/tr>\n<tr class=\"row-3 odd\">\n\t<td class=\"column-1\">Hana Jirsov\u00e1<\/td><td class=\"column-2\">ekonomick\u00e9 odd\u011blen\u00ed<\/td><td class=\"column-3\"><a href=\"mailto:hana.jirsova@istnet.cz\"><u>hana.jirsova@istnet.cz<\/u><br \/>\n<\/a><\/td><td class=\"column-4\">Helios iNUVIO<\/td><td class=\"column-5\">\u00fa\u010detnictv\u00ed, <br \/>\nmzdy<\/td>\n<\/tr>\n<tr class=\"row-4 even\">\n\t<td class=\"column-1\">Ing. Zde\u0148ka Vyletov\u00e1<\/td><td class=\"column-2\">konzulta\u010dn\u00ed odd\u011blen\u00ed<\/td><td class=\"column-3\"><a href=\"mailto:zdenka.vyletova@istnet.cz\"><u>zdenka.vyletova@istnet.cz<\/u><br \/>\n<\/a><\/td><td class=\"column-4\">Helios iNUVIO<\/td><td class=\"column-5\">ekonomika, <br \/>\nsklady<\/td>\n<\/tr>\n<tr class=\"row-5 odd\">\n\t<td class=\"column-1\">Dagmar Byst\u0159ick\u00e1<\/td><td class=\"column-2\">konzulta\u010dn\u00ed odd\u011blen\u00ed<\/td><td class=\"column-3\"><a href=\"mailto:zdenka.vyletova@istnet.cz\"><u>dagmar.bystricka@istnet.cz<\/u><br \/>\n<\/a><\/td><td class=\"column-4\">Helios iNUVIO<\/td><td class=\"column-5\"><\/td>\n<\/tr>\n<tr class=\"row-6 even\">\n\t<td class=\"column-1\">Ing. Vladim\u00edr Kol\u00e1\u0159<\/td><td class=\"column-2\">v\u00fdvoj a konzultace<\/td><td class=\"column-3\"><a href=\"mailto:vladimir.kolar@istnet.cz\"><u>vladimir.kolar@istnet.cz<\/u><br \/>\n<\/a><\/td><td class=\"column-4\">Helios Nephrite<\/td><td class=\"column-5\">doprava, <br \/>\np\u0159epravn\u00ed slu\u017eby<\/td>\n<\/tr>\n<tr class=\"row-7 odd\">\n\t<td class=\"column-1\">Ing. Ji\u0159\u00ed Kraft<\/td><td class=\"column-2\">v\u00fdvoj a konzultace<\/td><td class=\"column-3\"><a href=\"mailto:jiri.kraft@istnet.cz\"><u>jiri.kraft@istnet.cz<\/u><br \/>\n<\/a><\/td><td class=\"column-4\">Helios Nephrite<\/td><td class=\"column-5\">silni\u010dn\u00ed da\u0148, <br \/>\nplatebn\u00ed karty, <br \/>\ngenerov\u00e1n\u00ed k\u00f3d\u016f<br \/>\n<\/td>\n<\/tr>\n<tr class=\"row-8 even\">\n\t<td class=\"column-1\">Ing. V\u00e1clav Ra\u0161pl<\/td><td class=\"column-2\">v\u00fdvoj a konzultace<\/td><td class=\"column-3\"><a href=\"mailto:vaclav.raspl@istnet.cz\"><u>vaclav.raspl@istnet.cz<\/u><br \/>\n<\/a><\/td><td class=\"column-4\">Helios iNUVIO<\/td><td class=\"column-5\">doprava, <br \/>\np\u0159epravn\u00ed slu\u017eby, <br \/>\nplugin WMS<\/td>\n<\/tr>\n<\/tbody>\n<\/table>\n<!-- #tablepress-5 from cache --><\/strong><\/p>\n<p>Centr\u00e1ln\u00ed telefon &#8211; hot line : <strong>+420<\/strong> <strong>377 225 200<\/strong><\/p>\n<p>e-mail : <a href=\"mailto:obchod@istnet.cz\"><u>obchod@istnet.cz<\/u><\/a><\/p>\n<div class=\"leaflet-map WPLeafletMap\" style=\"height:250px; width:100%;\"><\/div><script>\nwindow.WPLeafletMapPlugin = window.WPLeafletMapPlugin || [];\nwindow.WPLeafletMapPlugin.push(function WPLeafletMapShortcode() {\/*<script>*\/\nvar baseUrl = 'https:\/\/{s}.tile.openstreetmap.org\/{z}\/{x}\/{y}.png';\nvar base = (!baseUrl && window.MQ) ? \n    window.MQ.mapLayer() : L.tileLayer(baseUrl, \n        L.Util.extend({}, {\n            detectRetina: 0,\n            minZoom: 0,\n            maxZoom: 20,\n        }, \n        {\"subdomains\":\"abc\",\"noWrap\":false}        )\n    );\n    var options = L.Util.extend({}, {\n        layers: [base],\n        attributionControl: false\n    }, \n    {\"zoomControl\":true,\"scrollWheelZoom\":true,\"doubleClickZoom\":false,\"fitBounds\":false,\"minZoom\":0,\"maxZoom\":20,\"attribution\":\"<a href=\\\"http:\\\/\\\/leafletjs.com\\\" title=\\\"A JS library for interactive maps\\\">Leaflet<\\\/a>; \\\\r\\\\n\\u00a9 <a href=\\\"http:\\\/\\\/www.openstreetmap.org\\\/copyright\\\">OpenStreetMap<\\\/a> contributors\"}, \n    {});\nwindow.WPLeafletMapPlugin.createMap(options).setView([49.7410516,13.370576],18);});<\/script>\n<script>\nwindow.WPLeafletMapPlugin = window.WPLeafletMapPlugin || [];\nwindow.WPLeafletMapPlugin.push(function WPLeafletMarkerShortcode() {\/*<script>*\/\nvar map = window.WPLeafletMapPlugin.getCurrentMap();\nvar group = window.WPLeafletMapPlugin.getCurrentGroup();\nvar marker_options = window.WPLeafletMapPlugin.getIconOptions({});\nvar marker = L.marker(\n    [0,0], \n    marker_options\n);\nvar is_image = map.is_image_map;\n    marker.setLatLng( map.getCenter() );\nif (marker_options.draggable) {\n    marker.on('dragend', function () {\n        var latlng = this.getLatLng();\n        var lat = latlng.lat;\n        var lng = latlng.lng;\n        if (is_image) {\n            console.log('leaflet-marker y=' + lat + ' x=' + lng);\n        } else {\n            console.log('leaflet-marker lat=' + lat + ' lng=' + lng);\n        }\n    });\n}\nmarker.addTo( group );\nwindow.WPLeafletMapPlugin.markers.push( marker );\n        });<\/script>\n<script>\nwindow.WPLeafletMapPlugin = window.WPLeafletMapPlugin || [];\nwindow.WPLeafletMapPlugin.push(function WPLeafletMarkerShortcode() {\/*<script>*\/\nvar map = window.WPLeafletMapPlugin.getCurrentMap();\nvar group = window.WPLeafletMapPlugin.getCurrentGroup();\nvar marker_options = window.WPLeafletMapPlugin.getIconOptions({});\nvar marker = L.marker(\n    [49.7410516,13.370576], \n    marker_options\n);\nvar is_image = map.is_image_map;\nif (marker_options.draggable) {\n    marker.on('dragend', function () {\n        var latlng = this.getLatLng();\n        var lat = latlng.lat;\n        var lng = latlng.lng;\n        if (is_image) {\n            console.log('leaflet-marker y=' + lat + ' x=' + lng);\n        } else {\n            console.log('leaflet-marker lat=' + lat + ' lng=' + lng);\n        }\n    });\n}\nmarker.addTo( group );\nwindow.WPLeafletMapPlugin.markers.push( marker );\n        });<\/script>\n","protected":false},"excerpt":{"rendered":"<p>N\u00ed\u017ee uveden\u00e9 kontaktn\u00ed osoby V\u00e1m ochotn\u011b zodpov\u00ed ve\u0161ker\u00e9 Va\u0161e dotazy t\u00fdkaj\u00edc\u00ed se n\u00e1mi poskytovan\u00fdch slu\u017eeb. Centr\u00e1ln\u00ed telefon &#8211; hot line : +420 377 225 200 e-mail : obchod@istnet.cz<\/p>\n","protected":false},"author":1,"featured_media":397,"parent":0,"menu_order":80,"comment_status":"closed","ping_status":"closed","template":"","meta":[],"_links":{"self":[{"href":"http:\/\/www.istnet.cz\/index.php?rest_route=\/wp\/v2\/pages\/39"}],"collection":[{"href":"http:\/\/www.istnet.cz\/index.php?rest_route=\/wp\/v2\/pages"}],"about":[{"href":"http:\/\/www.istnet.cz\/index.php?rest_route=\/wp\/v2\/types\/page"}],"author":[{"embeddable":true,"href":"http:\/\/www.istnet.cz\/index.php?rest_route=\/wp\/v2\/users\/1"}],"replies":[{"embeddable":true,"href":"http:\/\/www.istnet.cz\/index.php?rest_route=%2Fwp%2Fv2%2Fcomments&post=39"}],"version-history":[{"count":25,"href":"http:\/\/www.istnet.cz\/index.php?rest_route=\/wp\/v2\/pages\/39\/revisions"}],"predecessor-version":[{"id":635,"href":"http:\/\/www.istnet.cz\/index.php?rest_route=\/wp\/v2\/pages\/39\/revisions\/635"}],"wp:featuredmedia":[{"embeddable":true,"href":"http:\/\/www.istnet.cz\/index.php?rest_route=\/wp\/v2\/media\/397"}],"wp:attachment":[{"href":"http:\/\/www.istnet.cz\/index.php?rest_route=%2Fwp%2Fv2%2Fmedia&parent=39"}],"curies":[{"name":"wp","href":"https:\/\/api.w.org\/{rel}","templated":true}]}}