{"id":34,"date":"2015-05-28T09:42:05","date_gmt":"2015-05-28T08:42:05","guid":{"rendered":"http:\/\/www.istnet.cz\/?page_id=34"},"modified":"2023-11-14T13:47:30","modified_gmt":"2023-11-14T12:47:30","slug":"o-nas","status":"publish","type":"page","link":"http:\/\/www.istnet.cz\/?page_id=34","title":{"rendered":"O n\u00e1s"},"content":{"rendered":"<p><strong>I.S.T. spol. s r.o. je firma bez zahrani\u010dn\u00ed majetkov\u00e9 \u00fa\u010dasti, zam\u011b\u0159en\u00e1 na poskytov\u00e1n\u00ed komplexn\u00edch slu\u017eeb v oblasti informa\u010dn\u00edch ekonomick\u00fdch syst\u00e9m\u016f. Na \u010desk\u00fd softwarov\u00fd trh vstoupila v roce 1992 se sv\u00fdm syst\u00e9mem EKONOM A-Z (prost\u0159ed\u00ed DOS). Od po\u010d\u00e1tku sv\u00e9 \u010dinnosti se v\u011bnuje modul\u00e1rn\u00edm syst\u00e9m\u016fm, kter\u00e9 je mo\u017en\u00e9 p\u0159izp\u016fsobit podle individu\u00e1ln\u00edch pot\u0159eb z\u00e1kazn\u00edka v optim\u00e1ln\u00edm \u010dase a p\u0159i minim\u00e1ln\u00edch n\u00e1kladech.<\/strong><br \/>\nOd roku 1999 se firma zapojila do \u0161ir\u0161\u00ed partnersk\u00e9 s\u00edt\u011b firmy Asseco Solutions, a.s. a aktivn\u011b se pod\u00edlela na\u00a0 v\u00fdvoji nov\u00fdch modul\u016f v r\u00e1mci projekt\u016f Helios Green (p\u0159edch\u016fdce Helios Nephrite)\u00a0 a Helios Orange (p\u0159edch\u016fdce Helios iNuvio).<\/p>\n<p>V sou\u010dasn\u00e9 dob\u011b se na\u0161e aktivity zam\u011b\u0159ily p\u0159edev\u0161\u00edm t\u011bmito sm\u011bry:<\/p>\n<ul>\n<li>v\u00fdvoj speci\u00e1ln\u00edch modul\u016f pro dopravn\u00ed a p\u0159epravn\u00ed firmy v r\u00e1mci syst\u00e9m\u016f Helios Nephrite a Helios iNuvio,<\/li>\n<li>prodej t\u011bchto modul\u016f prost\u0159ednictv\u00edm partnersk\u00e9 s\u00edt\u011b firmy Asseco Solutions, a.s.,<\/li>\n<li>podpora partnersk\u00e9 s\u00edt\u011b firmy Asseco Solutions, a.s.,<\/li>\n<li>slu\u017eby konzulta\u010dn\u00edho odd\u011blen\u00ed spole\u010dnosti,<\/li>\n<li>v\u00fdvoj a prodej speci\u00e1ln\u00edch modul\u016f dle p\u0159\u00e1n\u00ed z\u00e1kazn\u00edka,<\/li>\n<li>zaji\u0161t\u011bn\u00ed legislativn\u00edch \u00faprav a dal\u0161\u00ed v\u00fdvoj v\u0161ech modul\u016f ve spolupr\u00e1ci s Asseco Solutions, a.s.,<\/li>\n<li>hotline (telefonick\u00e1 a emailov\u00e1 konzulta\u010dn\u00ed slu\u017eba),<\/li>\n<li>vzd\u011bl\u00e1vac\u00ed kurzy v na\u0161em \u0161kolic\u00edm st\u0159edisku nebo p\u0159\u00edmo u z\u00e1kazn\u00edka.<\/li>\n<\/ul>\n<p>Na\u0161\u00edm hlavn\u00edm c\u00edlem je neust\u00e1le zvy\u0161ovat spokojenost na\u0161ich z\u00e1kazn\u00edk\u016f a poskytovat jim slu\u017eby na nejvy\u0161\u0161\u00ed mo\u017en\u00e9 \u00farovni. Pro kvalitn\u00ed zabezpe\u010den\u00ed t\u011bchto slu\u017eeb m\u00e1 na\u0161e firma jednozna\u010dn\u00e9 p\u0159edpoklady a zku\u0161enosti. Disponujeme vysoce kvalifikovan\u00fdmi odborn\u00edky a konzultanty z oblasti syst\u00e9m\u016f zpracov\u00e1n\u00ed ekonomick\u00fdch informac\u00ed, \u00fazce spolupracujeme s da\u0148ov\u00fdmi poradci, auditorsk\u00fdmi firmami a experty v problematice lok\u00e1ln\u00edch po\u010d\u00edta\u010dov\u00fdch s\u00edt\u00ed (Asseco Solutions, a.s., Microsoft Certified Solution Provider).<\/p>\n","protected":false},"excerpt":{"rendered":"<p>I.S.T. spol. s r.o. je firma bez zahrani\u010dn\u00ed majetkov\u00e9 \u00fa\u010dasti, zam\u011b\u0159en\u00e1 na poskytov\u00e1n\u00ed komplexn\u00edch slu\u017eeb v oblasti informa\u010dn\u00edch ekonomick\u00fdch syst\u00e9m\u016f. Na \u010desk\u00fd softwarov\u00fd trh vstoupila v roce 1992 se sv\u00fdm syst\u00e9mem EKONOM A-Z (prost\u0159ed\u00ed DOS). Od po\u010d\u00e1tku sv\u00e9 \u010dinnosti se v\u011bnuje modul\u00e1rn\u00edm syst\u00e9m\u016fm, kter\u00e9 je mo\u017en\u00e9 p\u0159izp\u016fsobit podle individu\u00e1ln\u00edch pot\u0159eb z\u00e1kazn\u00edka v optim\u00e1ln\u00edm \u010dase a<a href=\"http:\/\/www.istnet.cz\/?page_id=34\">[&#8230;]<\/a><\/p>\n","protected":false},"author":1,"featured_media":0,"parent":0,"menu_order":90,"comment_status":"closed","ping_status":"closed","template":"","meta":[],"_links":{"self":[{"href":"http:\/\/www.istnet.cz\/index.php?rest_route=\/wp\/v2\/pages\/34"}],"collection":[{"href":"http:\/\/www.istnet.cz\/index.php?rest_route=\/wp\/v2\/pages"}],"about":[{"href":"http:\/\/www.istnet.cz\/index.php?rest_route=\/wp\/v2\/types\/page"}],"author":[{"embeddable":true,"href":"http:\/\/www.istnet.cz\/index.php?rest_route=\/wp\/v2\/users\/1"}],"replies":[{"embeddable":true,"href":"http:\/\/www.istnet.cz\/index.php?rest_route=%2Fwp%2Fv2%2Fcomments&post=34"}],"version-history":[{"count":8,"href":"http:\/\/www.istnet.cz\/index.php?rest_route=\/wp\/v2\/pages\/34\/revisions"}],"predecessor-version":[{"id":645,"href":"http:\/\/www.istnet.cz\/index.php?rest_route=\/wp\/v2\/pages\/34\/revisions\/645"}],"wp:attachment":[{"href":"http:\/\/www.istnet.cz\/index.php?rest_route=%2Fwp%2Fv2%2Fmedia&parent=34"}],"curies":[{"name":"wp","href":"https:\/\/api.w.org\/{rel}","templated":true}]}}