{"id":32,"date":"2015-05-28T09:28:20","date_gmt":"2015-05-28T08:28:20","guid":{"rendered":"http:\/\/www.istnet.cz\/?page_id=32"},"modified":"2022-07-21T09:55:36","modified_gmt":"2022-07-21T08:55:36","slug":"zakaznicka-reseni","status":"publish","type":"page","link":"http:\/\/www.istnet.cz\/?page_id=32","title":{"rendered":"Oborov\u00e1 \u0159e\u0161en\u00ed"},"content":{"rendered":"<p>Implementace syst\u00e9mu Helios je \u010dasto realizov\u00e1na do podoby oborov\u00e9ho \u0159e\u0161en\u00ed, kter\u00e9 lze aplikovat i\u00a0v jin\u00fdch projektech. Na\u0161e spole\u010dnost se prim\u00e1rn\u011b zam\u011b\u0159uje na :<\/p>\n<ul>\n<li>dopravn\u00ed spole\u010dnosti (<a href=\"https:\/\/forum.helios.eu\/orange\/doc\/cs\/Kategorie:Doprava\" target=\"_blank\" rel=\"noopener\">popis modul\u016f<\/a>),<\/li>\n<li>p\u0159epravn\u00ed spole\u010dnosti (<a href=\"https:\/\/forum.helios.eu\/orange\/doc\/cs\/Kategorie:P%C5%99epravn%C3%AD_slu%C5%BEby\" target=\"_blank\" rel=\"noopener\">popis modul\u016f<\/a>)\n<ul>\n<li>celokamionov\u00e9 p\u0159epravy FTL,<\/li>\n<li>sb\u011brn\u00e1 slu\u017eba,<\/li>\n<li>leteck\u00e9 z\u00e1silky,<\/li>\n<li>n\u00e1mo\u0159n\u00ed z\u00e1silky FCL a LCL,<\/li>\n<\/ul>\n<\/li>\n<li>spole\u010dnosti, zab\u00fdvaj\u00edc\u00ed se logistikou skladov\u00e1n\u00ed a slu\u017ebami cross-dock.<\/li>\n<\/ul>\n<p>Mezi na\u0161e dal\u0161\u00ed \u0159e\u0161en\u00ed pat\u0159\u00ed speci\u00e1ln\u00ed implementace a v\u00fdvoj modul\u016f pro :<\/p>\n<ul>\n<li>organizace dopravy pro pivovary, stavebn\u00ed spole\u010dnosti, bezpe\u010dnostn\u00ed agentury, velkoobchody apod.,<\/li>\n<li>hasi\u010dsk\u00fd z\u00e1chrann\u00fd sbor,<\/li>\n<li>evidenci odpadov\u00e9 hospod\u00e1\u0159stv\u00ed,<\/li>\n<li>ryb\u00e1\u0159stv\u00ed.<\/li>\n<\/ul>\n","protected":false},"excerpt":{"rendered":"<p>Implementace syst\u00e9mu Helios je \u010dasto realizov\u00e1na do podoby oborov\u00e9ho \u0159e\u0161en\u00ed, kter\u00e9 lze aplikovat i\u00a0v jin\u00fdch projektech. Na\u0161e spole\u010dnost se prim\u00e1rn\u011b zam\u011b\u0159uje na : dopravn\u00ed spole\u010dnosti (popis modul\u016f), p\u0159epravn\u00ed spole\u010dnosti (popis modul\u016f) celokamionov\u00e9 p\u0159epravy FTL, sb\u011brn\u00e1 slu\u017eba, leteck\u00e9 z\u00e1silky, n\u00e1mo\u0159n\u00ed z\u00e1silky FCL a LCL, spole\u010dnosti, zab\u00fdvaj\u00edc\u00ed se logistikou skladov\u00e1n\u00ed a slu\u017ebami cross-dock. Mezi na\u0161e dal\u0161\u00ed \u0159e\u0161en\u00ed<a href=\"http:\/\/www.istnet.cz\/?page_id=32\">[&#8230;]<\/a><\/p>\n","protected":false},"author":1,"featured_media":0,"parent":0,"menu_order":20,"comment_status":"closed","ping_status":"closed","template":"","meta":[],"_links":{"self":[{"href":"http:\/\/www.istnet.cz\/index.php?rest_route=\/wp\/v2\/pages\/32"}],"collection":[{"href":"http:\/\/www.istnet.cz\/index.php?rest_route=\/wp\/v2\/pages"}],"about":[{"href":"http:\/\/www.istnet.cz\/index.php?rest_route=\/wp\/v2\/types\/page"}],"author":[{"embeddable":true,"href":"http:\/\/www.istnet.cz\/index.php?rest_route=\/wp\/v2\/users\/1"}],"replies":[{"embeddable":true,"href":"http:\/\/www.istnet.cz\/index.php?rest_route=%2Fwp%2Fv2%2Fcomments&post=32"}],"version-history":[{"count":8,"href":"http:\/\/www.istnet.cz\/index.php?rest_route=\/wp\/v2\/pages\/32\/revisions"}],"predecessor-version":[{"id":485,"href":"http:\/\/www.istnet.cz\/index.php?rest_route=\/wp\/v2\/pages\/32\/revisions\/485"}],"wp:attachment":[{"href":"http:\/\/www.istnet.cz\/index.php?rest_route=%2Fwp%2Fv2%2Fmedia&parent=32"}],"curies":[{"name":"wp","href":"https:\/\/api.w.org\/{rel}","templated":true}]}}