{"id":2,"date":"2015-05-27T12:41:55","date_gmt":"2015-05-27T12:41:55","guid":{"rendered":"http:\/\/www.istnet.cz\/?page_id=2"},"modified":"2023-11-14T13:39:52","modified_gmt":"2023-11-14T12:39:52","slug":"zkusebni-stranka","status":"publish","type":"page","link":"http:\/\/www.istnet.cz\/?page_id=2","title":{"rendered":"ERP syst\u00e9my"},"content":{"rendered":"<h2><span style=\"color: #ff6600; text-decoration: underline;\"><a style=\"color: #ff6600; text-decoration: underline;\" title=\"Helios Orange\" href=\"http:\/\/www.istnet.cz\/?page_id=47\">Helios iNuvio<\/a><\/span><\/h2>\n<p>Kompaktn\u00ed ekonomick\u00e9 \u0159e\u0161en\u00ed client\/server pro mal\u00e9 a st\u0159edn\u00ed firmy &#8211; libovoln\u00e1 kombinace modul\u016f.<\/p>\n<p><strong><span style=\"color: #ff6600; text-decoration: underline;\">\u00a0<\/span><\/strong><\/p>\n<hr \/>\n<h2><span style=\"text-decoration: underline;\"><a title=\"Helios Green\" href=\"http:\/\/www.istnet.cz\/?page_id=50\"><span style=\"color: #008000; text-decoration: underline;\">Helios Nephrite<\/span><\/a><\/span><\/h2>\n<p>Komplexn\u00ed robustn\u00ed \u0159e\u0161en\u00ed pro velk\u00e9 spole\u010dnosti &#8211; mo\u017enost p\u0159izp\u016fsoben\u00ed syst\u00e9mu podle pot\u0159eb z\u00e1kazn\u00edka.<\/p>\n<hr \/>\n<p>Procesy na zpracov\u00e1n\u00ed u\u017eivatelsk\u00fdch po\u017eadavk\u016f:<\/p>\n<ul>\n<li><strong>U\u017eivatelsk\u00fd extranet<\/strong> \u2013\u00a0u\u017eivatel\u00e9 mohou p\u0159es tento extranet vzn\u00e9st po\u017eadavek na zm\u011bnu, opravu \u010di roz\u0161\u00ed\u0159en\u00ed syst\u00e9mu. Tento proces je napojen na workflow proces, kter\u00fd automaticky p\u0159id\u011bluje po\u017eadavky odpov\u011bdn\u00fdm pracovn\u00edk\u016fm s term\u00edny \u0159e\u0161en\u00ed. Zpracov\u00e1n\u00ed p\u0159ipom\u00ednek je n\u00e1sledn\u011b \u0159\u00edzeno intern\u00ed metodikou.<\/li>\n<li><strong>Hot line<\/strong> \u2013 ka\u017ed\u00fd u\u017eivatel m\u00e1 pr\u00e1vo vyu\u017e\u00edvat bezplatn\u011b telefonickou nebo emailovou pomoc od konzultant\u016f.<\/li>\n<li><strong>Konzultanti<\/strong> \u2013 ka\u017ed\u00fd u\u017eivatel m\u00e1 pr\u00e1vo si sjednat konzultantskou pomoc v r\u00e1mci spole\u010dnosti dodavatele \u010di jeho partner\u016f.<\/li>\n<\/ul>\n<p>Jako sou\u010d\u00e1st ov\u011b\u0159ovac\u00edho procesu kvality syst\u00e9mu jsou produkty pravideln\u011b certifikov\u00e1ny auditorem. Tento certifik\u00e1t se vztahuje nejen na legislativn\u00ed spr\u00e1vnost, ale i na celkovou kvalitu a pou\u017eitelnost IS.<\/p>\n","protected":false},"excerpt":{"rendered":"<p>Helios iNuvio Kompaktn\u00ed ekonomick\u00e9 \u0159e\u0161en\u00ed client\/server pro mal\u00e9 a st\u0159edn\u00ed firmy &#8211; libovoln\u00e1 kombinace modul\u016f. \u00a0 Helios Nephrite Komplexn\u00ed robustn\u00ed \u0159e\u0161en\u00ed pro velk\u00e9 spole\u010dnosti &#8211; mo\u017enost p\u0159izp\u016fsoben\u00ed syst\u00e9mu podle pot\u0159eb z\u00e1kazn\u00edka. Procesy na zpracov\u00e1n\u00ed u\u017eivatelsk\u00fdch po\u017eadavk\u016f: U\u017eivatelsk\u00fd extranet \u2013\u00a0u\u017eivatel\u00e9 mohou p\u0159es tento extranet vzn\u00e9st po\u017eadavek na zm\u011bnu, opravu \u010di roz\u0161\u00ed\u0159en\u00ed syst\u00e9mu. Tento proces je napojen<a href=\"http:\/\/www.istnet.cz\/?page_id=2\">[&#8230;]<\/a><\/p>\n","protected":false},"author":1,"featured_media":0,"parent":0,"menu_order":10,"comment_status":"closed","ping_status":"closed","template":"","meta":[],"_links":{"self":[{"href":"http:\/\/www.istnet.cz\/index.php?rest_route=\/wp\/v2\/pages\/2"}],"collection":[{"href":"http:\/\/www.istnet.cz\/index.php?rest_route=\/wp\/v2\/pages"}],"about":[{"href":"http:\/\/www.istnet.cz\/index.php?rest_route=\/wp\/v2\/types\/page"}],"author":[{"embeddable":true,"href":"http:\/\/www.istnet.cz\/index.php?rest_route=\/wp\/v2\/users\/1"}],"replies":[{"embeddable":true,"href":"http:\/\/www.istnet.cz\/index.php?rest_route=%2Fwp%2Fv2%2Fcomments&post=2"}],"version-history":[{"count":25,"href":"http:\/\/www.istnet.cz\/index.php?rest_route=\/wp\/v2\/pages\/2\/revisions"}],"predecessor-version":[{"id":636,"href":"http:\/\/www.istnet.cz\/index.php?rest_route=\/wp\/v2\/pages\/2\/revisions\/636"}],"wp:attachment":[{"href":"http:\/\/www.istnet.cz\/index.php?rest_route=%2Fwp%2Fv2%2Fmedia&parent=2"}],"curies":[{"name":"wp","href":"https:\/\/api.w.org\/{rel}","templated":true}]}}